{"id":106,"date":"2010-05-01T12:58:06","date_gmt":"2010-05-01T11:58:06","guid":{"rendered":"https:\/\/spineclinic.se\/?page_id=106"},"modified":"2025-03-31T16:26:49","modified_gmt":"2025-03-31T15:26:49","slug":"kiruna","status":"publish","type":"page","link":"https:\/\/spineclinic.se\/?page_id=106","title":{"rendered":"Kiruna, \u00c5re och V\u00e4stervik!"},"content":{"rendered":"<p>Nu forts\u00e4tter den framg\u00e5ngsrika behandlingen av ryggar, nackar samt huvudv\u00e4rk enligt Spine Clinic -konceptet p\u00e5 nya adresser.<\/p>\n<p><strong>Kiruna &#8211; F\u00f6reningsgatan 15 B <\/strong>(i centrala Kiruna).<\/p>\n<p><strong>\u00c5re &#8211;\u00a0 Kurortsv\u00e4gen 20 <\/strong>(\u00c5re gamla sjukhus).<\/p>\n<p><strong>V\u00e4stervik &#8211; Hamngatan 35<\/strong><\/p>\n<p>&nbsp;<\/p>\n<h4>TIDSBOKNING VIA MAIL ELLER TELEFON<\/h4>\n<p>Bokning sker p\u00e5 telefonnummer: <strong>070-56 497 44<\/strong><\/p>\n<p>e-post: \u00a0<strong>t.palmelind@spineclinic.se<\/strong><\/p>\n<p>NYHET! Behandling av kn\u00e4(leds)artros. Se under aktuell flik.<\/p>\n<p>Vi tar endast emot bokade patienter.<\/p>\n<p>&nbsp;<\/p>\n<p>Behandlande l\u00e4kare:\u00a0 Dr. Tomas Palmelind,\u00a0\u00a0 Dr. Kim Hammar<\/p>\n<p>Priser,<\/p>\n<p>Kr. 800.00 per behandling<\/p>\n<p>Kr 500.00\u00a0 f\u00f6r bed\u00f6mning och r\u00e5dgivning enbart d\u00e4r behandling inte blir aktuell<\/p>\n<p>Kr. 250.00\u00a0 faktureras vid uteblivet bes\u00f6k. Vi har l\u00e5nga k\u00f6er och arbetar intensivt\u00a0f\u00f6r att alla som vill ska f\u00e5 hj\u00e4lp .<\/p>\n<p>&nbsp;<\/p>\n","protected":false},"excerpt":{"rendered":"<p>Nu forts\u00e4tter den framg\u00e5ngsrika behandlingen av ryggar, nackar samt huvudv\u00e4rk enligt Spine Clinic -konceptet p\u00e5 nya adresser. Kiruna &#8211; F\u00f6reningsgatan 15 B (i centrala Kiruna). \u00c5re &#8211;\u00a0 Kurortsv\u00e4gen 20 (\u00c5re gamla sjukhus). V\u00e4stervik &#8211; Hamngatan 35 &nbsp; TIDSBOKNING VIA MAIL ELLER TELEFON Bokning sker p\u00e5 telefonnummer: 070-56 497 44 e-post: \u00a0t.palmelind@spineclinic.se NYHET! Behandling av kn\u00e4(leds)artros. [&hellip;]<\/p>\n","protected":false},"author":2,"featured_media":0,"parent":0,"menu_order":1,"comment_status":"open","ping_status":"closed","template":"","meta":{"footnotes":""},"class_list":["post-106","page","type-page","status-publish","hentry"],"aioseo_notices":[],"_links":{"self":[{"href":"https:\/\/spineclinic.se\/index.php?rest_route=\/wp\/v2\/pages\/106","targetHints":{"allow":["GET"]}}],"collection":[{"href":"https:\/\/spineclinic.se\/index.php?rest_route=\/wp\/v2\/pages"}],"about":[{"href":"https:\/\/spineclinic.se\/index.php?rest_route=\/wp\/v2\/types\/page"}],"author":[{"embeddable":true,"href":"https:\/\/spineclinic.se\/index.php?rest_route=\/wp\/v2\/users\/2"}],"replies":[{"embeddable":true,"href":"https:\/\/spineclinic.se\/index.php?rest_route=%2Fwp%2Fv2%2Fcomments&post=106"}],"version-history":[{"count":19,"href":"https:\/\/spineclinic.se\/index.php?rest_route=\/wp\/v2\/pages\/106\/revisions"}],"predecessor-version":[{"id":243,"href":"https:\/\/spineclinic.se\/index.php?rest_route=\/wp\/v2\/pages\/106\/revisions\/243"}],"wp:attachment":[{"href":"https:\/\/spineclinic.se\/index.php?rest_route=%2Fwp%2Fv2%2Fmedia&parent=106"}],"curies":[{"name":"wp","href":"https:\/\/api.w.org\/{rel}","templated":true}]}}