{"id":156,"date":"2012-07-16T19:52:30","date_gmt":"2012-07-16T18:52:30","guid":{"rendered":"https:\/\/spineclinic.se\/?page_id=156"},"modified":"2020-08-31T21:25:36","modified_gmt":"2020-08-31T20:25:36","slug":"knaledsartros","status":"publish","type":"page","link":"https:\/\/spineclinic.se\/?page_id=156","title":{"rendered":"Kn\u00e4ledsartros"},"content":{"rendered":"<p>Det finns hj\u00e4lp f\u00f6r dig med kn\u00e4ledsartros!<\/p>\n<p>I samarbete med Dr. G\u00f6ran Skog erbjuder vi artrosbehandling av kn\u00e4leder med CRESPINE GEL. Crespine \u00e4r en ny utveckling av hyaluronsyra (&#8221;tuppkam&#8221;). Ist\u00e4llet f\u00f6r 3 injektionstillf\u00e4llen ges endast EN injektion. Crespine \u00e4r utan biverkningar, kostnadseffektiv och ger oftast tidsm\u00e4ssigt en l\u00e4ngre effekt. Inneh\u00e5llet \u00e4r inte av animaliskt ursprung\u00a0 och inneh\u00e5ller endast syntetiskt framtagen hyaluronsyra. Inga allergiska reaktioner har rapporterats.<\/p>\n<p>SYNOLIS- ett nytt syntetiskt preparat som vi g\u00e4rna rekommenderar. Synolis \u00e4r en hyaluronsyra med Sorbitol. \u00c4ven h\u00e4r g\u00e4ller en injektion och vi har goda erfarenheter av preparatet.<\/p>\n","protected":false},"excerpt":{"rendered":"<p>Det finns hj\u00e4lp f\u00f6r dig med kn\u00e4ledsartros! I samarbete med Dr. G\u00f6ran Skog erbjuder vi artrosbehandling av kn\u00e4leder med CRESPINE GEL. Crespine \u00e4r en ny utveckling av hyaluronsyra (&#8221;tuppkam&#8221;). Ist\u00e4llet f\u00f6r 3 injektionstillf\u00e4llen ges endast EN injektion. Crespine \u00e4r utan biverkningar, kostnadseffektiv och ger oftast tidsm\u00e4ssigt en l\u00e4ngre effekt. Inneh\u00e5llet \u00e4r inte av animaliskt ursprung\u00a0 [&hellip;]<\/p>\n","protected":false},"author":2,"featured_media":0,"parent":0,"menu_order":2,"comment_status":"open","ping_status":"closed","template":"","meta":{"footnotes":""},"class_list":["post-156","page","type-page","status-publish","hentry"],"aioseo_notices":[],"_links":{"self":[{"href":"https:\/\/spineclinic.se\/index.php?rest_route=\/wp\/v2\/pages\/156","targetHints":{"allow":["GET"]}}],"collection":[{"href":"https:\/\/spineclinic.se\/index.php?rest_route=\/wp\/v2\/pages"}],"about":[{"href":"https:\/\/spineclinic.se\/index.php?rest_route=\/wp\/v2\/types\/page"}],"author":[{"embeddable":true,"href":"https:\/\/spineclinic.se\/index.php?rest_route=\/wp\/v2\/users\/2"}],"replies":[{"embeddable":true,"href":"https:\/\/spineclinic.se\/index.php?rest_route=%2Fwp%2Fv2%2Fcomments&post=156"}],"version-history":[{"count":10,"href":"https:\/\/spineclinic.se\/index.php?rest_route=\/wp\/v2\/pages\/156\/revisions"}],"predecessor-version":[{"id":231,"href":"https:\/\/spineclinic.se\/index.php?rest_route=\/wp\/v2\/pages\/156\/revisions\/231"}],"wp:attachment":[{"href":"https:\/\/spineclinic.se\/index.php?rest_route=%2Fwp%2Fv2%2Fmedia&parent=156"}],"curies":[{"name":"wp","href":"https:\/\/api.w.org\/{rel}","templated":true}]}}