{"id":17,"date":"2008-11-21T16:02:00","date_gmt":"2008-11-21T15:02:00","guid":{"rendered":"https:\/\/spineclinic.se\/?page_id=14"},"modified":"2020-08-31T21:40:57","modified_gmt":"2020-08-31T20:40:57","slug":"ryggbehandling","status":"publish","type":"page","link":"https:\/\/spineclinic.se\/?page_id=17","title":{"rendered":"Ryggbehandling"},"content":{"rendered":"<p><strong>V\u00e4lkommen till Spine Clinic Sverige<\/strong><\/p>\n<p>Vi utf\u00f6r ryggbehandlingar i privat regi i\u00a0\u00c5re och Kiruna. From h\u00f6sten -09 \u00e4ven i Stockholm. F\u00f6r er som reser till Amsterdam vg kontakta oss f\u00f6r information.<\/p>\n<p>Vi\u00a0 behandlar rygg, nacke samt olika typer av huvudv\u00e4rk enligt Spine Clinic konceptet, delvis baserad p\u00e5 ortomanuell medicin med ursprung i Nederl\u00e4nderna. Vi erbjuder en metod f\u00f6r att diagnosticera, f\u00f6rklara och behandla rygg\/ nackproblem samt huvudv\u00e4rk med\u00a0 hj\u00e4lp av mobiliseringar och korrigeringar av felst\u00e4llningar i ryggraden. Cervikal- dvs nackutl\u00f6st- huvudv\u00e4rk behandlas med framg\u00e5ng.<\/p>\n<p>Vi behandlar inte operationskr\u00e4vande \u00e5kommor eller rygg\u00e5kommor orsakade av andra sjukdomar s\u00e5som tum\u00f6rsjukdomar, infektioner, bensk\u00f6rhet, vissa reumatiska sjukdomar, spinal stenos.<\/p>\n<p>Varf\u00f6r f\u00e5r man besv\u00e4r med ryggen? Hos flertalet finns ett tidigare trauma, dvs en olycka av n\u00e5got slag. Traumat kan vara ringa, ibland omfattande. Hos en del finner vi ingen direkt orsak medan det hos andra kan r\u00f6ra sig om \u00e5ldersf\u00f6r\u00e4ndringar i ryggens olika strukturer. Det intressanta \u00e4r dock att de flesta kan behandlas med samma metod!<\/p>\n<p>&nbsp;<\/p>\n<h3>Forskning<\/h3>\n<p>Vi \u00e4r \u00e4ven involverade i forskning, s\u00e5v\u00e4l i Sverige som i Nederl\u00e4nderna. \u00a0I Sverige p\u00e5g\u00e5r forskning\u00a0vid Offerdals HC\u00a0i J\u00e4mtland i\u00a0samarbete med holl\u00e4ndska forskare\u00a0 med anknytning till Universitetssjukhuset vid Amsterdams Free University (projektet \u00e4r godk\u00e4nt av Etiska\u00a0 N\u00e4mnden\u00a0 okt-08).\u00a0 Efter godk\u00e4nnande fr\u00e5n Etiska N\u00e4mnden\u00a0erh\u00f6ll vi \u00e4ven godk\u00e4nnande fr\u00e5n Socialstyrelsen (okt-08). Forskningsprojektet betraktas som en pilot studie d\u00e4r vi utf\u00f6r en s.k. observationsstudie. Design \u00e4r av sk\u00a0 SCRED\u00a0 typ\u00a0. Syftet med studien \u00e4r att visa att metoden, vetenskapligt sett, har effekt. \u00a0I Nederl\u00e4nderna samarbetar vi med Dr W.Schuller. Han leder ett stort projekt p\u00e5 Sm\u00e4rtmottagningen, Free University Hospital\u00a0i Amsterdam.\u00a0 Dr Palmelind \u00e4r medarbetare i detta projekt. Docent Jonas Lidfeldt vid Lunds Universitetssjukhus \u00e4r vetenskaplig r\u00e5dgivare vid forskning i Sverige.\u00a0 I framtiden planeras att genomf\u00f6ra en randomiserad studie.<\/p>\n<p>&nbsp;<\/p>\n<h3>Behandling &#8211; utg\u00e5ngspunkter<\/h3>\n<p>Vi menar att ryggont oftast beror p\u00e5 skevst\u00e4llningar i b\u00e4cken och -f\u00f6r det mesta- i hela ryggraden.\u00a0Man kan\u00a0 sk\u00f6nja en rad olika kompensationer\u00a0i ryggen pga b\u00e4ckenskevst\u00e4llning. B\u00e4ckenets positionering intar\u00a0\u00a0s\u00e5ledes en central\u00a0position f\u00f6r rygglidelsen. Skevst\u00e4llningar f\u00f6rorsakar sp\u00e4nningar i olika delar av ryggen, vi brukar d\u00e4rf\u00f6r likna ryggens konstruktion med en sp\u00e4nnbro.\u00a0\u00a0Behandlingen g\u00e5r kortfattat ut p\u00e5 att med h\u00e4nder korrigera dessa &#8221;felst\u00e4llningar&#8221; och \u00e5stadkomma en rak rygg med ett rakt b\u00e4cken. Behandlingen sker i steg d\u00e4r vi arbetar efter ett schema. Varje behandlingstillf\u00e4lle har sitt eget unika schema d\u00e4r man utf\u00f6r de korrigeringar som h\u00f6r till just\u00a0den behandlingen.\u00a0Vi talar d\u00e4rf\u00f6r om att korrigera ist\u00e4llet f\u00f6r att manipulera. Resultaten talar f\u00f6r sig.\u00a0 M\u00e5nga blir besv\u00e4rsfria. De allra flesta upplever f\u00f6rb\u00e4ttring. Det \u00e4r d\u00e4remot sv\u00e5rt att efterlikna naturens perfektion och ryggen kommer att vara fattbar f\u00f6r p\u00e5frestningar en stund efter behandling. Vi ser \u00e4ven att m\u00e5nga f\u00e5r tillbaka besv\u00e4ren, om dock i betydligt mildare grad, efter n\u00e5gon till n\u00e5gra m\u00e5nader efter avslutad initial behandling.\u00a0 Underh\u00e5llsbehandling kan vara\u00a0n\u00f6dv\u00e4ndig men\u00a0 g\u00f6rs efter flera m\u00e5naders paus. Om man d\u00e4remellan \u00e4r besv\u00e4rsfri eller s\u00e5 gott som besv\u00e4rsfri l\u00e4r det v\u00e4l vara v\u00e4rt besv\u00e4ret!<\/p>\n<p>&nbsp;<\/p>\n<h3>Har Du Huvudv\u00e4rk?<\/h3>\n<p>Vi har sett mycket bra resultat p\u00e5 patienter med huvudv\u00e4rk. I Amsterdam p\u00e5g\u00e5r inledande f\u00f6rhandlingar g\u00e4llande forskning p\u00e5 just detta omr\u00e5de. \u00a0Orsaken\u00a0 \u00e4r just de goda resultat som uppn\u00e5tts.\u00a0 Vi ser vid behandling att det stora flertalet patienter lider av cervikalt ( dvs orsaken ligger i \u00f6vre delen av ryggen\/ nacken) utl\u00f6st huvudv\u00e4rk vilket G\u00c5R att behandla framg\u00e5ngsrikt. Likas\u00e5 \u00e4r resultaten av behandling av yrsel mycket goda.<\/p>\n<p>&nbsp;<\/p>\n<h3>Andra behandlingsmetoder &#8211; likheter och skillnader<\/h3>\n<p>N\u00e4mner h\u00e4r dom stora str\u00f6mningarna. F\u00f6rvisso har alla metoder likheter, i synnerhet de manipulerande . Men skillnaderna \u00e4r uppenbara.<\/p>\n<p>Inom <em>naprapatin<\/em> (ursprung USA) fokuseras mycket p\u00e5 sp\u00e4nningstillst\u00e5nd i mjukdelar (muskler, ligament, senor). Detta behandlas enligt s\u00e4rskilda protokoll. H\u00e4r utg\u00f6r manipulation av ryggens delar en del av behandlingen. Ut\u00f6vare \u00e4r leg naprapat.<\/p>\n<p>Vid <em>kiropraktisk<\/em> metod utf\u00f6rd av leg. kiropraktor fokuseras p\u00e5 att f\u00e5 kroppens olika leder att fungera optimalt. M\u00e5nga kiropraktorer anv\u00e4nder sig av HVT (High Velocity Thrust) tekniker varvid man utf\u00f6r en hastig vridning av en del av kroppen mot en annan. Den vanligaste behandlingsmetoden \u00e4r s\u00e5ledes en form av manipulation.<\/p>\n<p><em>OMT, ortopedisk manuell terapi, <\/em>har en bakgrund i Ortopedisk Medicin grundad av James Cyriax. H\u00e4r anv\u00e4nds mobilisering av leder och \u00a0traktion. Man ans\u00e5g inte l\u00e4ngre att subluxationer i ryggen vara lika viktiga i behandlingen. Vid manipulation anv\u00e4nds ofta en snabb r\u00f6relse som ska p\u00e5verka stelhet i olika leder p\u00e5 ett gunstigt s\u00e4tt. Vidare anv\u00e4nds massagetekniker, stretching m.m.<\/p>\n<p>Sjukgymnastik \u00e4r vid det h\u00e4r laget allm\u00e4nt k\u00e4nt. H\u00e4r anv\u00e4nds \u00e4ven tekn\u00edker enligt den s.k. McKenzie metoden. I Sverige kallar vi denna terapiform f\u00f6r sjukgymnastik men i andra l\u00e4nder f\u00f6redrar man termen <em>fysioterapi.<\/em> Ett viktigt inslag \u00e4r fokusering p\u00e5 fysisk tr\u00e4ning men tr\u00e4ning som \u00e4r designad f\u00f6r den aktuella skadan.<\/p>\n<p>&nbsp;<\/p>\n<h3>Spine Clinic konceptet<\/h3>\n<p>H\u00e4r ser man direkt en skillnad i diagnostik d\u00e4r vi bed\u00f6mer hela ryggen inkl. b\u00e4cken och sacrum \u00a0( korsbenet ). B\u00e4ckenet st\u00e5r ofta fixerat skevt och ryggraden m\u00e5ste kompensera f\u00f6r detta. Om tex v\u00e4nster b\u00e4cken st\u00e5r mycket h\u00f6gre j\u00e4mf\u00f6rt med h\u00f6ger skulle patienten ha slagsida \u00e5t h\u00f6ger (vilket man ibland ser hos patienter med akut lumbago eller ryggskott).\u00a0F\u00f6r att vi ska kunna st\u00e5 rakt m\u00e5ste s\u00e5ledes ryggen kompensera f\u00f6r detta med olika grader av skevst\u00e4llningar. Analogin med en sp\u00e4nnbro \u00e4r h\u00e4rmed uppenbar. Ingen sp\u00e4nnbro \u00e4r stabil om fundamentet \u00e4r d\u00e5ligt.<\/p>\n<p>Ryggen \u00e4r en helhet\u00a0d\u00e4r alla delar h\u00e4nger ihop\u00a0och m\u00e5ste d\u00e4rf\u00f6r betraktas OCH behandlas som s\u00e5dan.\u00a0 Ryggen best\u00e5r s\u00e5ledes inte av sm\u00e5 isolerade \u00f6ar.\u00a0 Ryggen b\u00f6r\u00a0 uppfattas som en 3-D struktur vilket tas i beaktande vid diagnostik och behandling. F\u00f6r det mesta kan sm\u00e4rta i och besv\u00e4r fr\u00e5n mjukdelar betraktas som sekund\u00e4ra till detta \u00a0f\u00f6rh\u00e5llande.<\/p>\n<p>&nbsp;<\/p>\n<h3>Kirunamodellen<\/h3>\n<p>I \u00a0Kiruna arbetar vi sedan flera \u00e5r bla tillsammans med sjukgymnasterna inom prim\u00e4rv\u00e5rden. M\u00e5nga patienter erh\u00e5ller sambehandling d\u00e4r\u00a0 vi inom Spine Clinic fokuserar p\u00e5 korrigering av skevst\u00e4llningar i skelettet och sjukgymnaster behandlar med specifik fysisk tr\u00e4ning samt i vissa fall med McKenzie metoden. Alla inom professionen \u00e4r \u00f6verens om vikten av fysisk tr\u00e4ning. \u00a0M\u00e5nga tr\u00e4nar sj\u00e4lva och \u00e4r inte i behov av tr\u00e4ningsprogram. Rekommendationen \u00e4r dock till de allra flesta att ta kontakt med sjukgymnastiken med f\u00f6r att f\u00e5 hj\u00e4lp med tr\u00e4ningsprogram.<\/p>\n<p>&nbsp;<\/p>\n<h3>Till slut<\/h3>\n<p>Vilken metod eller behandlare man v\u00e4ljer \u00e4r upp till dig som patient. Vilken metod \u00e4r d\u00e5 &#8221;b\u00e4st&#8221;?\u00a0 Det \u00e4rligaste svaret \u00e4r att vi ofta inte vet. Olika typer av rygg\u00e5kommor kr\u00e4ver f\u00f6r det mesta olika typer av behandling. Forskningen tyder p\u00e5 en klar f\u00f6rdel f\u00f6r Spine Clinic konceptet\u00a0 (\u00e4nnu opublicerade data).\u00a0 Rygglidelsen \u00e4r komplex och seri\u00f6sa ut\u00f6vare inom de olika professionerna b\u00f6r betrakta detta faktum med respekt. Med\u00a0 Kiruna modellen har vi idag ett utm\u00e4rkt val f\u00f6r dig som patient. I v\u00e5rt tycke ett mycket attraktivt alternativ.<\/p>\n<p><em>\u00a0<\/em><\/p>\n<p><em>\u00a0<\/em><\/p>\n<p><em>\u00a0<\/em><\/p>\n<p><em>\u00a0<\/em><\/p>\n","protected":false},"excerpt":{"rendered":"<p>V\u00e4lkommen till Spine Clinic Sverige Vi utf\u00f6r ryggbehandlingar i privat regi i\u00a0\u00c5re och Kiruna. From h\u00f6sten -09 \u00e4ven i Stockholm. F\u00f6r er som reser till Amsterdam vg kontakta oss f\u00f6r information. Vi\u00a0 behandlar rygg, nacke samt olika typer av huvudv\u00e4rk enligt Spine Clinic konceptet, delvis baserad p\u00e5 ortomanuell medicin med ursprung i Nederl\u00e4nderna. Vi erbjuder [&hellip;]<\/p>\n","protected":false},"author":2,"featured_media":0,"parent":0,"menu_order":3,"comment_status":"open","ping_status":"closed","template":"","meta":{"footnotes":""},"class_list":["post-17","page","type-page","status-publish","hentry"],"aioseo_notices":[],"_links":{"self":[{"href":"https:\/\/spineclinic.se\/index.php?rest_route=\/wp\/v2\/pages\/17","targetHints":{"allow":["GET"]}}],"collection":[{"href":"https:\/\/spineclinic.se\/index.php?rest_route=\/wp\/v2\/pages"}],"about":[{"href":"https:\/\/spineclinic.se\/index.php?rest_route=\/wp\/v2\/types\/page"}],"author":[{"embeddable":true,"href":"https:\/\/spineclinic.se\/index.php?rest_route=\/wp\/v2\/users\/2"}],"replies":[{"embeddable":true,"href":"https:\/\/spineclinic.se\/index.php?rest_route=%2Fwp%2Fv2%2Fcomments&post=17"}],"version-history":[{"count":7,"href":"https:\/\/spineclinic.se\/index.php?rest_route=\/wp\/v2\/pages\/17\/revisions"}],"predecessor-version":[{"id":238,"href":"https:\/\/spineclinic.se\/index.php?rest_route=\/wp\/v2\/pages\/17\/revisions\/238"}],"wp:attachment":[{"href":"https:\/\/spineclinic.se\/index.php?rest_route=%2Fwp%2Fv2%2Fmedia&parent=17"}],"curies":[{"name":"wp","href":"https:\/\/api.w.org\/{rel}","templated":true}]}}