{"id":5,"date":"2008-11-18T15:39:53","date_gmt":"2008-11-18T14:39:53","guid":{"rendered":"https:\/\/spineclinic.se\/?page_id=2"},"modified":"2019-04-24T08:20:27","modified_gmt":"2019-04-24T07:20:27","slug":"om-oss-och-partners","status":"publish","type":"page","link":"https:\/\/spineclinic.se\/?page_id=5","title":{"rendered":"Om oss och partners"},"content":{"rendered":"<p>Vd f\u00f6r f\u00f6retaget \u00e4r Dr.Thomas Palmelind,\u00a0leg.l\u00e4kare.\u00a0Psykologexamen vid Universitetet i Amsterdam.\u00a0Forskar (via European Spine Research Group; ESRG) i rygg\u00e5kommor samt kn\u00e4ledsartros. \u00a0Grundat\u00a0Spine Clinic\u00a0Sverige. Vi \u00e4r f.n. verksamma i \u00c5re, Stockholm och Kiruna.\u00a0Medlem ESRG.<\/p>\n<p>Inom Stockholms l\u00e4ns landsting\u00a0samarbetar vi i Norrt\u00e4lje  med Roslagsdoktorn, Dr. Kim Hammar ,\u00a0specialist allm\u00e4nmedicin, f\u00f6retagsl\u00e4kare samt\u00a0specialist barn- och ungdomspsykiatri. \u00a0 Diplom Spine Clinic -09. Roslagsdoktorn tel 0176-13320.<\/p>\n<p>Vi har samarbetat  med Dr. G\u00f6ran Skog. G\u00f6ran \u00e4r specialist i ortopedisk medicin och har utbildat m\u00e5nga l\u00e4kare och sjukgymnaster under \u00e5ren. Arbetar idag bla f\u00f6r NIMI i Oslo\u00a0och har god erfarenhet av Crespinegel.<\/p>\n<p>Idag har vi tillg\u00e5ng till SYNOLIS, ytterligare ett hyaluronsyrepreparat vilket vi starkt rekommenderar.<\/p>\n<p>En viktig samarbetspartner \u00e4r Dr Wouter Schuller i Amsterdam , Nederl\u00e4nderna. \u00a0Specialist ortomanuell medicin. Diplomerad epidemiolog. Forskar p\u00e5 ryggsjukdomar. Medlem ESRG.<\/p>\n<p>European Spine Research Group (ESRG) \u00e4r en paraplyorganisation f\u00f6r forskning med ett internationellt samarbete.\u00a0 I Sverige sker all forskning under ESRP.<\/p>\n<p><em>SAMARBETSPARTNERS.<\/em><\/p>\n<p>I Sverige har vi avtal med bl.a\u00a0 Euro Accident AB.\u00a0 YIT Sverige\u00a0Ab.\u00a0 I Kiruna och \u00c5re har vi ett antal f\u00f6retag med samarbetsavtal.<\/p>\n","protected":false},"excerpt":{"rendered":"<p>Vd f\u00f6r f\u00f6retaget \u00e4r Dr.Thomas Palmelind,\u00a0leg.l\u00e4kare.\u00a0Psykologexamen vid Universitetet i Amsterdam.\u00a0Forskar (via European Spine Research Group; ESRG) i rygg\u00e5kommor samt kn\u00e4ledsartros. \u00a0Grundat\u00a0Spine Clinic\u00a0Sverige. Vi \u00e4r f.n. verksamma i \u00c5re, Stockholm och Kiruna.\u00a0Medlem ESRG. Inom Stockholms l\u00e4ns landsting\u00a0samarbetar vi i Norrt\u00e4lje med Roslagsdoktorn, Dr. Kim Hammar ,\u00a0specialist allm\u00e4nmedicin, f\u00f6retagsl\u00e4kare samt\u00a0specialist barn- och ungdomspsykiatri. \u00a0 Diplom Spine Clinic [&hellip;]<\/p>\n","protected":false},"author":2,"featured_media":0,"parent":0,"menu_order":4,"comment_status":"open","ping_status":"closed","template":"","meta":{"footnotes":""},"class_list":["post-5","page","type-page","status-publish","hentry"],"aioseo_notices":[],"_links":{"self":[{"href":"https:\/\/spineclinic.se\/index.php?rest_route=\/wp\/v2\/pages\/5","targetHints":{"allow":["GET"]}}],"collection":[{"href":"https:\/\/spineclinic.se\/index.php?rest_route=\/wp\/v2\/pages"}],"about":[{"href":"https:\/\/spineclinic.se\/index.php?rest_route=\/wp\/v2\/types\/page"}],"author":[{"embeddable":true,"href":"https:\/\/spineclinic.se\/index.php?rest_route=\/wp\/v2\/users\/2"}],"replies":[{"embeddable":true,"href":"https:\/\/spineclinic.se\/index.php?rest_route=%2Fwp%2Fv2%2Fcomments&post=5"}],"version-history":[{"count":13,"href":"https:\/\/spineclinic.se\/index.php?rest_route=\/wp\/v2\/pages\/5\/revisions"}],"predecessor-version":[{"id":222,"href":"https:\/\/spineclinic.se\/index.php?rest_route=\/wp\/v2\/pages\/5\/revisions\/222"}],"wp:attachment":[{"href":"https:\/\/spineclinic.se\/index.php?rest_route=%2Fwp%2Fv2%2Fmedia&parent=5"}],"curies":[{"name":"wp","href":"https:\/\/api.w.org\/{rel}","templated":true}]}}